{"id":105,"date":"2022-06-13T14:08:29","date_gmt":"2022-06-13T14:08:29","guid":{"rendered":"http:\/\/feulipartners.com\/?page_id=105"},"modified":"2023-05-11T07:02:56","modified_gmt":"2023-05-11T07:02:56","slug":"qui-sommes-nous","status":"publish","type":"page","link":"https:\/\/feuli-partners.com\/en\/qui-sommes-nous\/","title":{"rendered":"Qui sommes-nous ?"},"content":{"rendered":"<div data-colibri-id=\"105-c1\" class=\"style-1248 style-local-105-c1 position-relative\">\n  <!---->\n  <div data-colibri-component=\"section\" data-colibri-id=\"105-c2\" id=\"blank\" class=\"h-section h-section-global-spacing d-flex align-items-lg-center align-items-md-center align-items-center style-3646 style-local-105-c2 position-relative\">\n    <div class=\"background-wrapper\">\n      <div class=\"background-layer background-layer-media-container-lg\">\n        <!---->\n        <div class=\"overlay-layer\">\n          <div class=\"overlay-image-layer\" style=\"background-color: rgb(0, 0, 0); opacity: 0.5;\"><\/div>\n        <\/div>\n      <\/div>\n      <div class=\"background-layer background-layer-media-container-md\">\n        <!---->\n        <div class=\"overlay-layer\">\n          <div class=\"overlay-image-layer\" style=\"background-color: rgb(0, 0, 0); opacity: 0.5;\"><\/div>\n        <\/div>\n      <\/div>\n      <div class=\"background-layer background-layer-media-container\">\n        <!---->\n        <div class=\"overlay-layer\">\n          <div class=\"overlay-image-layer\" style=\"background-color: rgb(0, 0, 0); opacity: 0.5;\"><\/div>\n        <\/div>\n      <\/div>\n    <\/div>\n    <!---->\n    <div class=\"h-separator\" style=\"height: 100px; bottom: calc(0px);\">\n      <svg style=\"fill:#FFFFFF;\" xmlns=\"http:\/\/www.w3.org\/2000\/svg\" viewbox=\"0 0 1000 100\" preserveaspectratio=\"none\">\n        <path class=\"svg-white-bg\" d=\"M737.9,94.7L0,0v100h1000V0L737.9,94.7z\"><\/path>\n      <\/svg>\n    <\/div>\n    <div class=\"h-section-grid-container h-section-boxed-container\">\n      <!---->\n      <div data-colibri-id=\"105-c3\" class=\"h-row-container gutters-row-lg-2 gutters-row-md-2 gutters-row-0 gutters-row-v-lg-2 gutters-row-v-md-2 gutters-row-v-2 style-3647 style-local-105-c3 position-relative\">\n        <!---->\n        <div class=\"h-row justify-content-lg-center justify-content-md-center justify-content-center align-items-lg-stretch align-items-md-stretch align-items-stretch gutters-col-lg-2 gutters-col-md-2 gutters-col-0 gutters-col-v-lg-2 gutters-col-v-md-2 gutters-col-v-2\">\n          <!---->\n          <div class=\"h-column h-column-container d-flex h-col-lg-auto h-col-md-auto h-col-auto style-3648-outer style-local-105-c4-outer\">\n            <div data-colibri-id=\"105-c4\" class=\"d-flex h-flex-basis h-column__inner h-px-lg-2 h-px-md-2 h-px-2 v-inner-lg-2 v-inner-md-2 v-inner-2 style-3648 style-local-105-c4 position-relative\">\n              <!---->\n              <!---->\n              <div class=\"w-100 h-y-container h-column__content h-column__v-align flex-basis-100 align-self-lg-start align-self-md-start align-self-start\">\n                <!---->\n                <div data-colibri-id=\"105-c5\" class=\"h-text h-text-component style-3655 style-local-105-c5 position-relative h-element\">\n                  <!---->\n                  <!---->\n                  <div class=\"\">\n                    <p>About us<\/p>\n                  <\/div>\n                <\/div>\n                <div data-colibri-id=\"105-c6\" class=\"h-divider style-3658 style-local-105-c6 position-relative h-element\">\n                  <!----><span class=\"h-divider__line style-3658-line style-local-105-c6-line style-3658-line style-local-105-c6-line\"><\/span><\/div>\n              <\/div>\n            <\/div>\n          <\/div>\n        <\/div>\n      <\/div>\n    <\/div>\n  <\/div>\n  <div data-colibri-component=\"section\" data-colibri-id=\"105-c11\" id=\"custom\" class=\"h-section h-section-global-spacing d-flex align-items-lg-center align-items-md-center align-items-center style-1277 style-local-105-c11 position-relative\">\n    <!---->\n    <!---->\n    <div class=\"h-section-grid-container h-section-boxed-container\">\n      <!---->\n      <div data-colibri-id=\"105-c12\" class=\"h-row-container gutters-row-lg-0 gutters-row-md-0 gutters-row-0 gutters-row-v-lg-0 gutters-row-v-md-0 gutters-row-v-0 style-1304 style-local-105-c12 position-relative\">\n        <!---->\n        <div class=\"h-row justify-content-lg-center justify-content-md-center justify-content-center align-items-lg-stretch align-items-md-stretch align-items-stretch gutters-col-lg-0 gutters-col-md-0 gutters-col-0 gutters-col-v-lg-0 gutters-col-v-md-0 gutters-col-v-0\">\n          <!---->\n          <div class=\"h-column h-column-container d-flex h-col-lg-auto h-col-md-auto h-col-auto style-1305-outer style-local-105-c13-outer\">\n            <div data-colibri-id=\"105-c13\" class=\"d-flex h-flex-basis h-column__inner h-ui-empty-state-container h-px-lg-1 h-px-md-1 h-px-1 v-inner-lg-1 v-inner-md-1 v-inner-1 style-1305 style-local-105-c13 position-relative\">\n              <!---->\n              <!---->\n              <div class=\"w-100 h-y-container h-column__content h-column__v-align flex-basis-100\">\n                <!---->\n              <\/div>\n            <\/div>\n          <\/div>\n          <div class=\"h-column h-column-container d-flex h-col-lg-auto h-col-md-auto h-col-auto style-1306-outer style-local-105-c14-outer\">\n            <div data-colibri-id=\"105-c14\" class=\"d-flex h-flex-basis h-column__inner h-px-lg-3 h-px-md-3 h-px-3 v-inner-lg-3 v-inner-md-3 v-inner-3 style-1306 style-local-105-c14 position-relative\">\n              <!---->\n              <!---->\n              <div class=\"w-100 h-y-container h-column__content h-column__v-align flex-basis-100 align-self-lg-start align-self-md-start align-self-start\">\n                <!---->\n                <div data-colibri-id=\"105-c15\" class=\"h-global-transition-all h-heading style-1336 style-local-105-c15 position-relative h-element\">\n                  <!---->\n                  <div class=\"h-heading__outer style-1336 style-local-105-c15\">\n                    <!---->\n                    <!---->\n                    <h3 class=\"\">Creation date<\/h3>\n                  <\/div>\n                <\/div>\n                <div data-colibri-id=\"105-c16\" class=\"h-divider style-1340 style-local-105-c16 position-relative h-element\">\n                  <!----><span class=\"h-divider__line style-1340-line style-local-105-c16-line style-1340-line style-local-105-c16-line\"><\/span><\/div>\n                <div data-colibri-id=\"105-c17\" class=\"h-text h-text-component style-1343 style-local-105-c17 position-relative h-element\">\n                  <!---->\n                  <!---->\n                  <div class=\"\">\n                    <p>Our consulting firm has been supporting African managers in Africa and around the world since 2010<\/p>\n                  <\/div>\n                <\/div>\n                <div data-colibri-id=\"105-c18\" class=\"style-1347 style-local-105-c18 position-relative h-element\">\n                  <!---->\n                <\/div>\n                <div data-colibri-id=\"105-c19\" class=\"h-global-transition-all h-heading style-1344 style-local-105-c19 position-relative h-element\">\n                  <!---->\n                  <div class=\"h-heading__outer style-1344 style-local-105-c19\">\n                    <!---->\n                    <!---->\n                    <h3 class=\"\">Our mission<\/h3>\n                  <\/div>\n                <\/div>\n                <div data-colibri-id=\"105-c20\" class=\"h-divider style-1346 style-local-105-c20 position-relative h-element\">\n                  <!----><span class=\"h-divider__line style-1346-line style-local-105-c20-line style-1346-line style-local-105-c20-line\"><\/span><\/div>\n                <div data-colibri-id=\"105-c21\" class=\"h-text h-text-component style-1349 style-local-105-c21 position-relative h-element\">\n                  <!---->\n                  <!---->\n                  <div class=\"\">\n                    <p>Our mission is to empower implementation of best management practices to achieve continuous and sustainable economic and social development of Africa.<\/p>\n                  <\/div>\n                <\/div>\n                <div data-colibri-id=\"105-c22\" class=\"style-1348 style-local-105-c22 position-relative h-element\">\n                  <!---->\n                <\/div>\n                <div data-colibri-id=\"105-c23\" class=\"h-global-transition-all h-heading style-1337 style-local-105-c23 position-relative h-element\">\n                  <!---->\n                  <div class=\"h-heading__outer style-1337 style-local-105-c23\">\n                    <!---->\n                    <!---->\n                    <h3 class=\"\">Our goal<\/h3>\n                  <\/div>\n                <\/div>\n                <div data-colibri-id=\"105-c24\" class=\"h-divider style-1342 style-local-105-c24 position-relative h-element\">\n                  <!----><span class=\"h-divider__line style-1342-line style-local-105-c24-line style-1342-line style-local-105-c24-line\"><\/span><\/div>\n                <div data-colibri-id=\"105-c25\" class=\"h-text h-text-component style-1338 style-local-105-c25 position-relative h-element\">\n                  <!---->\n                  <!---->\n                  <div class=\"\">\n                    <p>To be the leader in management consulting in Africa. We innovate to remain at the forefront of management and technology consulting and reference partner for managers in Africa.<\/p>\n                  <\/div>\n                <\/div>\n              <\/div>\n            <\/div>\n          <\/div>\n          <div class=\"h-column h-column-container d-flex h-col-lg-auto h-col-md-auto h-col-auto style-1309-outer style-local-105-c26-outer\">\n            <div data-colibri-id=\"105-c26\" class=\"d-flex h-flex-basis h-column__inner h-ui-empty-state-container h-px-lg-1 h-px-md-1 h-px-1 v-inner-lg-1 v-inner-md-1 v-inner-1 style-1309 style-local-105-c26 position-relative\">\n              <!---->\n              <!---->\n              <div class=\"w-100 h-y-container h-column__content h-column__v-align flex-basis-100\">\n                <!---->\n              <\/div>\n            <\/div>\n          <\/div>\n        <\/div>\n      <\/div>\n      <div data-colibri-id=\"105-c27\" class=\"h-row-container gutters-row-lg-2 gutters-row-md-2 gutters-row-0 gutters-row-v-lg-2 gutters-row-v-md-2 gutters-row-v-2 style-1307 style-local-105-c27 position-relative\">\n        <!---->\n        <div class=\"h-row justify-content-lg-center justify-content-md-center justify-content-center align-items-lg-stretch align-items-md-stretch align-items-stretch gutters-col-lg-2 gutters-col-md-2 gutters-col-0 gutters-col-v-lg-2 gutters-col-v-md-2 gutters-col-v-2\">\n          <!---->\n          <div class=\"h-column h-column-container d-flex h-col-lg-auto h-col-md-auto h-col-auto style-1308-outer style-local-105-c28-outer\">\n            <div data-colibri-id=\"105-c28\" class=\"d-flex h-flex-basis h-column__inner h-ui-empty-state-container h-px-lg-2 h-px-md-2 h-px-2 v-inner-lg-2 v-inner-md-2 v-inner-2 style-1308 style-local-105-c28 position-relative\">\n              <!---->\n              <!---->\n              <div class=\"w-100 h-y-container h-column__content h-column__v-align flex-basis-100\">\n                <!---->\n              <\/div>\n            <\/div>\n          <\/div>\n        <\/div>\n      <\/div>\n    <\/div>\n  <\/div>\n<\/div>","protected":false},"excerpt":{"rendered":"<p>A propos de nous Date de cr\u00e9ation Notre cabinet conseil accompagne les managers africains en Afrique et dans le monde depuis 2010. Notre mission Notre mission est de promouvoir la mise en \u0153uvre des bonnes pratiques de management pour un d\u00e9veloppement \u00e9conomique et social continue et durable de l&rsquo;Afrique. Notre ambition \u00catre le leader du [&hellip;]<\/p>\n","protected":false},"author":1,"featured_media":0,"parent":0,"menu_order":0,"comment_status":"closed","ping_status":"closed","template":"page-templates\/full-width-page.php","meta":{"footnotes":""},"class_list":["post-105","page","type-page","status-publish","hentry"],"_links":{"self":[{"href":"https:\/\/feuli-partners.com\/en\/wp-json\/wp\/v2\/pages\/105","targetHints":{"allow":["GET"]}}],"collection":[{"href":"https:\/\/feuli-partners.com\/en\/wp-json\/wp\/v2\/pages"}],"about":[{"href":"https:\/\/feuli-partners.com\/en\/wp-json\/wp\/v2\/types\/page"}],"author":[{"embeddable":true,"href":"https:\/\/feuli-partners.com\/en\/wp-json\/wp\/v2\/users\/1"}],"replies":[{"embeddable":true,"href":"https:\/\/feuli-partners.com\/en\/wp-json\/wp\/v2\/comments?post=105"}],"version-history":[{"count":20,"href":"https:\/\/feuli-partners.com\/en\/wp-json\/wp\/v2\/pages\/105\/revisions"}],"predecessor-version":[{"id":10524,"href":"https:\/\/feuli-partners.com\/en\/wp-json\/wp\/v2\/pages\/105\/revisions\/10524"}],"wp:attachment":[{"href":"https:\/\/feuli-partners.com\/en\/wp-json\/wp\/v2\/media?parent=105"}],"curies":[{"name":"wp","href":"https:\/\/api.w.org\/{rel}","templated":true}]}}